{"id":125339,"date":"2026-02-07T05:18:29","date_gmt":"2026-02-07T05:18:29","guid":{"rendered":"https:\/\/gabor3.bildpunkte.de\/neue-startseite\/"},"modified":"2026-03-17T08:00:00","modified_gmt":"2026-03-17T08:00:00","slug":"neue-startseite","status":"publish","type":"page","link":"https:\/\/gabor3.bildpunkte.de\/es\/","title":{"rendered":"Bienvenidos"},"content":{"rendered":"\t\t<div data-elementor-type=\"wp-page\" data-elementor-id=\"125339\" class=\"elementor elementor-125339 elementor-118802\" data-elementor-post-type=\"page\">\n\t\t\t\t<div class=\"elementor-element elementor-element-c388d82 e-flex e-con-boxed e-con e-parent\" data-id=\"c388d82\" data-element_type=\"container\" data-e-type=\"container\">\n\t\t\t\t\t<div class=\"e-con-inner\">\n\t\t<div class=\"elementor-element elementor-element-71eb672 e-con-full e-flex e-con e-child\" data-id=\"71eb672\" data-element_type=\"container\" data-e-type=\"container\">\n\t\t<div class=\"elementor-element elementor-element-c9fad09 e-con-full e-flex e-con e-child\" data-id=\"c9fad09\" data-element_type=\"container\" data-e-type=\"container\">\n\t\t\t\t<div class=\"elementor-element elementor-element-eadcfb2 elementor-widget elementor-widget-shortcode\" data-id=\"eadcfb2\" data-element_type=\"widget\" data-e-type=\"widget\" data-widget_type=\"shortcode.default\">\n\t\t\t\t\t\t\t<div class=\"elementor-shortcode\"><ul class=\"ajax-category-menu\"><li class=\"\"><a href=\"https:\/\/gabor3.bildpunkte.de\/es\/produkt-kategorie\/06-freno-de-tambor-delantero-2388\/\">06. Freno de tambor delantero<\/a><\/li><li class=\"\"><a href=\"https:\/\/gabor3.bildpunkte.de\/es\/produkt-kategorie\/07-traccion-trasera-2269\/\">07. Tracci\u00f3n trasera<\/a><\/li><li class=\"\"><a href=\"https:\/\/gabor3.bildpunkte.de\/es\/produkt-kategorie\/07-traccion-trasera-brazo-oscilante-trasera-2119\/\">07. Tracci\u00f3n trasera, brazo oscilante trasera<\/a><\/li><li class=\"\"><a href=\"https:\/\/gabor3.bildpunkte.de\/es\/produkt-kategorie\/08-cubo-de-rueda-delantera-y-trasera-proteccion-de-cadena-3827\/\">08. Cubo de rueda delantera y trasera, protecci\u00f3n de cadena<\/a><\/li><li class=\"\"><a href=\"https:\/\/gabor3.bildpunkte.de\/es\/produkt-kategorie\/08-freno-de-tambor-y-bujes-2120\/\">08. Freno de tambor y bujes<\/a><\/li><li class=\"\"><a href=\"https:\/\/gabor3.bildpunkte.de\/es\/produkt-kategorie\/08-tambor-delantero-y-trasero-proteccion-de-cadena-2094\/\">08. Tambor delantero y trasero, protecci\u00f3n de cadena<\/a><\/li><li class=\"\"><a href=\"https:\/\/gabor3.bildpunkte.de\/es\/produkt-kategorie\/09-electrica-3828\/\">09. El\u00e9ctrica<\/a><\/li><li class=\"\"><a href=\"https:\/\/gabor3.bildpunkte.de\/es\/produkt-kategorie\/09-rueda-trasera-rueda-delantera-2231\/\">09. Rueda trasera, rueda delantera<\/a><\/li><li class=\"\"><a href=\"https:\/\/gabor3.bildpunkte.de\/es\/produkt-kategorie\/11-cilindro-piston-cigueenal-1313\/\">11. Cilindro, pist\u00f3n, cig\u00fce\u00f1al<\/a><\/li><li class=\"\"><a href=\"https:\/\/gabor3.bildpunkte.de\/es\/produkt-kategorie\/13-rueda-trasera-buje-freno-y-funcionamiento-del-freno-486\/\">13. Rueda trasera, buje, freno y funcionamiento del freno.<\/a><\/li><li class=\"\"><a href=\"https:\/\/gabor3.bildpunkte.de\/es\/produkt-kategorie\/14-cigueenal-2906\/\">14. Cig\u00fce\u00f1al<\/a><\/li><li class=\"\"><a href=\"https:\/\/gabor3.bildpunkte.de\/es\/produkt-kategorie\/14-engranajes-ejes-cambio-de-marcha-sistema-de-pedal-de-arranque-2110\/\">14. Engranajes, ejes, cambio de marcha, sistema de pedal de arranque<\/a><\/li><li class=\"\"><a href=\"https:\/\/gabor3.bildpunkte.de\/es\/produkt-kategorie\/14-pinones-ejes-cambio-de-marchas-unidad-de-arranque-2104\/\">14. Pi\u00f1ones, ejes, cambio de marchas, unidad de arranque<\/a><\/li><li class=\"\"><a href=\"https:\/\/gabor3.bildpunkte.de\/es\/produkt-kategorie\/15-transmision-engranajes-2860\/\">15. Transmisi\u00f3n, engranajes<\/a><\/li><li class=\"\"><a href=\"https:\/\/gabor3.bildpunkte.de\/es\/produkt-kategorie\/16-carburador-16n1-6-2106\/\">16. Carburador 16N1-6<\/a><\/li><li class=\"\"><a href=\"https:\/\/gabor3.bildpunkte.de\/es\/produkt-kategorie\/17-carburador-16-n1-1-3834\/\">17. Carburador 16 N1-1<\/a><\/li><li class=\"\"><a href=\"https:\/\/gabor3.bildpunkte.de\/es\/produkt-kategorie\/25-engranaje-eje-de-embrague-2176\/\">25. Engranaje - Eje de embrague<\/a><\/li><li class=\"\"><a href=\"https:\/\/gabor3.bildpunkte.de\/es\/produkt-kategorie\/29-carburador-bvf-16n3-2146\/\">29. Carburador - BVF 16N3<\/a><\/li><li class=\"\"><a href=\"https:\/\/gabor3.bildpunkte.de\/es\/produkt-kategorie\/accesorios-293\/\">Accesorios<\/a><button class=\"load-subcats\" data-id=\"254534\">+<\/button><\/li><li class=\"\"><a href=\"https:\/\/gabor3.bildpunkte.de\/es\/produkt-kategorie\/bastidor-reposapies-freno-rueda-trasera-1060\/\">Bastidor, reposapies, freno rueda trasera<\/a><\/li><li class=\"\"><a href=\"https:\/\/gabor3.bildpunkte.de\/es\/produkt-kategorie\/carburador-bvf-962\/\">Carburador BVF<\/a><button class=\"load-subcats\" data-id=\"254507\">+<\/button><\/li><li class=\"\"><a href=\"https:\/\/gabor3.bildpunkte.de\/es\/produkt-kategorie\/carburadores-1724\/\">Carburadores<\/a><button class=\"load-subcats\" data-id=\"254497\">+<\/button><\/li><li class=\"\"><a href=\"https:\/\/gabor3.bildpunkte.de\/es\/produkt-kategorie\/charly-i-catalogar-1995-3034\/\">Charly I \/ catalogar 1995<\/a><button class=\"load-subcats\" data-id=\"253442\">+<\/button><\/li><li class=\"\"><a href=\"https:\/\/gabor3.bildpunkte.de\/es\/produkt-kategorie\/chasis-4005\/\">Chasis<\/a><button class=\"load-subcats\" data-id=\"253823\">+<\/button><\/li><li class=\"\"><a href=\"https:\/\/gabor3.bildpunkte.de\/es\/produkt-kategorie\/ejercito-y-policia-68\/\">Ej\u00e9rcito y Polic\u00eda<\/a><\/li><li class=\"\"><a href=\"https:\/\/gabor3.bildpunkte.de\/es\/produkt-kategorie\/freno-de-disco-2082\/\">Freno de disco<\/a><\/li><li class=\"\"><a href=\"https:\/\/gabor3.bildpunkte.de\/es\/produkt-kategorie\/freno-de-disco-2081\/\">Freno de disco<\/a><\/li><li class=\"\"><a href=\"https:\/\/gabor3.bildpunkte.de\/es\/produkt-kategorie\/freno-y-cubo-1945\/\">Freno y cubo<\/a><\/li><li class=\"\"><a href=\"https:\/\/gabor3.bildpunkte.de\/es\/produkt-kategorie\/krause-piccolo-duo-2-2432\/\">Krause Piccolo-DUO\/2<\/a><button class=\"load-subcats\" data-id=\"253958\">+<\/button><\/li><li class=\"\"><a href=\"https:\/\/gabor3.bildpunkte.de\/es\/produkt-kategorie\/literatura-32\/\">Literatura<\/a><button class=\"load-subcats\" data-id=\"253986\">+<\/button><\/li><li class=\"\"><a href=\"https:\/\/gabor3.bildpunkte.de\/es\/produkt-kategorie\/maw-motor-auxiliar-2015\/\">MAW motor auxiliar<\/a><button class=\"load-subcats\" data-id=\"254224\">+<\/button><\/li><li class=\"\"><a href=\"https:\/\/gabor3.bildpunkte.de\/es\/produkt-kategorie\/motocicletas-catalogo-de-piezas-de-recambio-3095\/\">Motocicletas - Cat\u00e1logo de piezas de recambio<\/a><button class=\"load-subcats\" data-id=\"254270\">+<\/button><\/li><li class=\"\"><a href=\"https:\/\/gabor3.bildpunkte.de\/es\/produkt-kategorie\/motor-456\/\">Motor<\/a><button class=\"load-subcats\" data-id=\"254245\">+<\/button><\/li><li class=\"\"><a href=\"https:\/\/gabor3.bildpunkte.de\/es\/produkt-kategorie\/motor-1158\/\">Motor<\/a><button class=\"load-subcats\" data-id=\"254241\">+<\/button><\/li><li class=\"\"><a href=\"https:\/\/gabor3.bildpunkte.de\/es\/produkt-kategorie\/motor-3993\/\">Motor<\/a><button class=\"load-subcats\" data-id=\"254247\">+<\/button><\/li><li class=\"\"><a href=\"https:\/\/gabor3.bildpunkte.de\/es\/produkt-kategorie\/motor-2407\/\">Motor<\/a><button class=\"load-subcats\" data-id=\"254243\">+<\/button><\/li><li class=\"\"><a href=\"https:\/\/gabor3.bildpunkte.de\/es\/produkt-kategorie\/motores-de-barco-2469\/\">Motores de barco<\/a><button class=\"load-subcats\" data-id=\"253414\">+<\/button><\/li><li class=\"\"><a href=\"https:\/\/gabor3.bildpunkte.de\/es\/produkt-kategorie\/motores-estacionarios-3096\/\">Motores estacionarios<\/a><button class=\"load-subcats\" data-id=\"254398\">+<\/button><\/li><li class=\"\"><a href=\"https:\/\/gabor3.bildpunkte.de\/es\/produkt-kategorie\/repuestos-de-sidecar-100\/\">Repuestos de sidecar<\/a><button class=\"load-subcats\" data-id=\"254368\">+<\/button><\/li><li class=\"\"><a href=\"https:\/\/gabor3.bildpunkte.de\/es\/produkt-kategorie\/repuestos-para-autos-3094\/\">Repuestos para autos<\/a><button class=\"load-subcats\" data-id=\"252072\">+<\/button><\/li><li class=\"\"><a href=\"https:\/\/gabor3.bildpunkte.de\/es\/produkt-kategorie\/rueda-trasera-freno-trasera-etz-251-301-1121\/\">Rueda trasera, freno trasera ETZ 251\/301<\/a><\/li><li class=\"\"><a href=\"https:\/\/gabor3.bildpunkte.de\/es\/produkt-kategorie\/s50-catalogo-1974-83\/\">S50 cat\u00e1logo 1974<\/a><button class=\"load-subcats\" data-id=\"254335\">+<\/button><\/li><li class=\"\"><a href=\"https:\/\/gabor3.bildpunkte.de\/es\/produkt-kategorie\/s53-s83-alpha-beta-4156\/\">S53 - S83 alpha, beta<\/a><button class=\"load-subcats\" data-id=\"254337\">+<\/button><\/li><li class=\"\"><a href=\"https:\/\/gabor3.bildpunkte.de\/es\/produkt-kategorie\/s83-999\/\">S83<\/a><button class=\"load-subcats\" data-id=\"254338\">+<\/button><\/li><li class=\"\"><a href=\"https:\/\/gabor3.bildpunkte.de\/es\/produkt-kategorie\/schikra-125-1003\/\">Schikra 125<\/a><button class=\"load-subcats\" data-id=\"254347\">+<\/button><\/li><li class=\"\"><a href=\"https:\/\/gabor3.bildpunkte.de\/es\/produkt-kategorie\/simson-050-ts-simson-050-sc-4056\/\">Simson .050 TS, Simson .050 SC<\/a><button class=\"load-subcats\" data-id=\"254372\">+<\/button><\/li><li class=\"\"><a href=\"https:\/\/gabor3.bildpunkte.de\/es\/produkt-kategorie\/sistema-de-aspiracion-1059\/\">Sistema de aspiraci\u00f3n<\/a><\/li><li class=\"\"><a href=\"https:\/\/gabor3.bildpunkte.de\/es\/produkt-kategorie\/sr4-3-sperber-1005\/\">SR4-3 Sperber<\/a><button class=\"load-subcats\" data-id=\"254387\">+<\/button><\/li><li class=\"\"><a href=\"https:\/\/gabor3.bildpunkte.de\/es\/produkt-kategorie\/sr50-1-2514\/\">SR50\/1<\/a><button class=\"load-subcats\" data-id=\"254390\">+<\/button><\/li><li class=\"\"><a href=\"https:\/\/gabor3.bildpunkte.de\/es\/produkt-kategorie\/sr80-1-2738\/\">SR80\/1<\/a><button class=\"load-subcats\" data-id=\"254393\">+<\/button><\/li><li class=\"\"><a href=\"https:\/\/gabor3.bildpunkte.de\/es\/produkt-kategorie\/star-sra25-50-1030\/\">Star SRA25\/50<\/a><button class=\"load-subcats\" data-id=\"254395\">+<\/button><\/li><li class=\"\"><a href=\"https:\/\/gabor3.bildpunkte.de\/es\/produkt-kategorie\/traccion-trasera-1943\/\">Tracci\u00f3n trasera<\/a><\/li><li class=\"\"><a href=\"https:\/\/gabor3.bildpunkte.de\/es\/produkt-kategorie\/traccion-trasera-1941\/\">Tracci\u00f3n trasera<\/a><\/li><li class=\"\"><a href=\"https:\/\/gabor3.bildpunkte.de\/es\/produkt-kategorie\/traccion-trasera-1942\/\">Tracci\u00f3n trasera<\/a><\/li><\/ul><style>\n\t\t\t\/* Menu *\/\n\t<\/style>\n\n\n<\/div>\n\t\t\t\t\t\t<\/div>\n\t\t\t\t<\/div>\n\t\t<div class=\"elementor-element elementor-element-a4605d8 e-con-full e-flex e-con e-child\" data-id=\"a4605d8\" data-element_type=\"container\" data-e-type=\"container\">\n\t\t\t\t<div class=\"elementor-element elementor-element-8caa2d9 elementor-widget elementor-widget-shortcode\" data-id=\"8caa2d9\" data-element_type=\"widget\" data-e-type=\"widget\" data-widget_type=\"shortcode.default\">\n\t\t\t\t\t\t\t<div class=\"elementor-shortcode\"><nav class=\"custom-breadcrumbs\"><ul><li><a href=\"https:\/\/gabor3.bildpunkte.de\/es\/\">Start<\/a><\/li><\/ul><\/nav><\/div>\n\t\t\t\t\t\t<\/div>\n\t\t\t\t<div class=\"elementor-element elementor-element-9f1711b elementor-widget elementor-widget-heading\" data-id=\"9f1711b\" data-element_type=\"widget\" data-e-type=\"widget\" data-widget_type=\"heading.default\">\n\t\t\t\t\t<h2 class=\"elementor-heading-title elementor-size-default\">\u00a1Bienvenidos a la tienda Gabors-MZ!<\/h2>\t\t\t\t<\/div>\n\t\t\t\t<div class=\"elementor-element elementor-element-452deee elementor-widget elementor-widget-text-editor\" data-id=\"452deee\" data-element_type=\"widget\" data-e-type=\"widget\" data-widget_type=\"text-editor.default\">\n\t\t\t\t\t\t\t\t\t<p>&#8230;<\/p>\t\t\t\t\t\t\t\t<\/div>\n\t\t\t\t<\/div>\n\t\t\t\t<\/div>\n\t\t\t\t\t<\/div>\n\t\t\t\t<\/div>\n\t\t\t\t<\/div>\n\t\t","protected":false},"excerpt":{"rendered":"<p>\u00a1Bienvenidos a la tienda Gabors-MZ! &#8230;<\/p>\n","protected":false},"author":1,"featured_media":0,"parent":0,"menu_order":0,"comment_status":"closed","ping_status":"closed","template":"","meta":{"_acf_changed":false,"footnotes":""},"class_list":["post-125339","page","type-page","status-publish","hentry"],"acf":[],"_links":{"self":[{"href":"https:\/\/gabor3.bildpunkte.de\/es\/wp-json\/wp\/v2\/pages\/125339","targetHints":{"allow":["GET"]}}],"collection":[{"href":"https:\/\/gabor3.bildpunkte.de\/es\/wp-json\/wp\/v2\/pages"}],"about":[{"href":"https:\/\/gabor3.bildpunkte.de\/es\/wp-json\/wp\/v2\/types\/page"}],"author":[{"embeddable":true,"href":"https:\/\/gabor3.bildpunkte.de\/es\/wp-json\/wp\/v2\/users\/1"}],"replies":[{"embeddable":true,"href":"https:\/\/gabor3.bildpunkte.de\/es\/wp-json\/wp\/v2\/comments?post=125339"}],"version-history":[{"count":7,"href":"https:\/\/gabor3.bildpunkte.de\/es\/wp-json\/wp\/v2\/pages\/125339\/revisions"}],"predecessor-version":[{"id":125346,"href":"https:\/\/gabor3.bildpunkte.de\/es\/wp-json\/wp\/v2\/pages\/125339\/revisions\/125346"}],"wp:attachment":[{"href":"https:\/\/gabor3.bildpunkte.de\/es\/wp-json\/wp\/v2\/media?parent=125339"}],"curies":[{"name":"wp","href":"https:\/\/api.w.org\/{rel}","templated":true}]}}