{"id":118861,"date":"2026-02-07T05:18:29","date_gmt":"2026-02-07T05:18:29","guid":{"rendered":"https:\/\/gabor3.bildpunkte.de\/new-start-page\/"},"modified":"2026-02-15T08:08:06","modified_gmt":"2026-02-15T08:08:06","slug":"new-start-page","status":"publish","type":"page","link":"https:\/\/gabor3.bildpunkte.de\/en\/","title":{"rendered":"New Start Page"},"content":{"rendered":"\t\t<div data-elementor-type=\"wp-page\" data-elementor-id=\"118861\" class=\"elementor elementor-118861 elementor-118802\" data-elementor-post-type=\"page\">\n\t\t\t\t<div class=\"elementor-element elementor-element-c388d82 e-flex e-con-boxed e-con e-parent\" data-id=\"c388d82\" data-element_type=\"container\" data-e-type=\"container\">\n\t\t\t\t\t<div class=\"e-con-inner\">\n\t\t<div class=\"elementor-element elementor-element-71eb672 e-con-full e-flex e-con e-child\" data-id=\"71eb672\" data-element_type=\"container\" data-e-type=\"container\">\n\t\t<div class=\"elementor-element elementor-element-c9fad09 e-con-full e-flex e-con e-child\" data-id=\"c9fad09\" data-element_type=\"container\" data-e-type=\"container\">\n\t\t\t\t<div class=\"elementor-element elementor-element-eadcfb2 elementor-widget elementor-widget-shortcode\" data-id=\"eadcfb2\" data-element_type=\"widget\" data-e-type=\"widget\" data-widget_type=\"shortcode.default\">\n\t\t\t\t\t\t\t<div class=\"elementor-shortcode\"><ul class=\"ajax-category-menu\"><li class=\"\"><a href=\"https:\/\/gabor3.bildpunkte.de\/en\/produkt-kategorie\/accessories-or-equipment-293\/\">Accessories or equipment<\/a><button class=\"load-subcats\" data-id=\"245724\">+<\/button><\/li><li class=\"\"><a href=\"https:\/\/gabor3.bildpunkte.de\/en\/produkt-kategorie\/army-and-police-68\/\">Army and Police<\/a><\/li><li class=\"\"><a href=\"https:\/\/gabor3.bildpunkte.de\/en\/produkt-kategorie\/boat-engines-2469\/\">Boat engines<\/a><button class=\"load-subcats\" data-id=\"245740\">+<\/button><\/li><li class=\"\"><a href=\"https:\/\/gabor3.bildpunkte.de\/en\/produkt-kategorie\/car-spare-parts-3094\/\">Car spare parts<\/a><button class=\"load-subcats\" data-id=\"245744\">+<\/button><\/li><li class=\"\"><a href=\"https:\/\/gabor3.bildpunkte.de\/en\/produkt-kategorie\/carburetors-1724\/\">Carburetors<\/a><button class=\"load-subcats\" data-id=\"245736\">+<\/button><\/li><li class=\"\"><a href=\"https:\/\/gabor3.bildpunkte.de\/en\/produkt-kategorie\/literature-32\/\">Literature<\/a><button class=\"load-subcats\" data-id=\"245716\">+<\/button><\/li><li class=\"\"><a href=\"https:\/\/gabor3.bildpunkte.de\/en\/produkt-kategorie\/maw-auxiliary-engine-2015\/\">MAW auxiliary engine<\/a><button class=\"load-subcats\" data-id=\"245738\">+<\/button><\/li><li class=\"\"><a href=\"https:\/\/gabor3.bildpunkte.de\/en\/produkt-kategorie\/motorcycle-spare-parts-3095\/\">Motorcycle spare parts<\/a><button class=\"load-subcats\" data-id=\"246902\">+<\/button><\/li><li class=\"\"><a href=\"https:\/\/gabor3.bildpunkte.de\/en\/produkt-kategorie\/sidecar-spare-parts-100\/\">Sidecar spare parts<\/a><button class=\"load-subcats\" data-id=\"245722\">+<\/button><\/li><li class=\"\"><a href=\"https:\/\/gabor3.bildpunkte.de\/en\/produkt-kategorie\/stationary-engines-3096\/\">Stationary engines<\/a><button class=\"load-subcats\" data-id=\"245746\">+<\/button><\/li><\/ul><style>\n\t\t\t\/* Menu *\/\n\t<\/style>\n\n\n<\/div>\n\t\t\t\t\t\t<\/div>\n\t\t\t\t<\/div>\n\t\t<div class=\"elementor-element elementor-element-a4605d8 e-con-full e-flex e-con e-child\" data-id=\"a4605d8\" data-element_type=\"container\" data-e-type=\"container\">\n\t\t\t\t<div class=\"elementor-element elementor-element-8caa2d9 elementor-widget elementor-widget-shortcode\" data-id=\"8caa2d9\" data-element_type=\"widget\" data-e-type=\"widget\" data-widget_type=\"shortcode.default\">\n\t\t\t\t\t\t\t<div class=\"elementor-shortcode\"><nav class=\"custom-breadcrumbs\"><ul><li><a href=\"https:\/\/gabor3.bildpunkte.de\/en\/\">Start<\/a><\/li><\/ul><\/nav><\/div>\n\t\t\t\t\t\t<\/div>\n\t\t\t\t<div class=\"elementor-element elementor-element-41cb4a6 elementor-widget elementor-widget-heading\" data-id=\"41cb4a6\" data-element_type=\"widget\" data-e-type=\"widget\" data-widget_type=\"heading.default\">\n\t\t\t\t\t<h2 class=\"elementor-heading-title elementor-size-default\">Welcome to Gabors MZ Laden!<\/h2>\t\t\t\t<\/div>\n\t\t\t\t<div class=\"elementor-element elementor-element-452deee elementor-widget elementor-widget-text-editor\" data-id=\"452deee\" data-element_type=\"widget\" data-e-type=\"widget\" data-widget_type=\"text-editor.default\">\n\t\t\t\t\t\t\t\t\t<p>Just order comfortably in our web shop. The invoice amount may be settled payment in advance, PayPal services or cash upon collection of the item.<\/p><p>In case you want to pick up your order, please leave a note in the comments section. We get back to you as soon as your order is complete.<\/p><p>Please simply select a header from the left navigation bar to enter the shop.<\/p><p>A click on &#8220;Add to basket&#8221; puts the respective article in the virtual shopping cart. You can change the quantity by entering the required number of items in the quantity box. (Of course you can always change that in the shopping cart too. Right click on shopping cart.).<br \/>Please click on basket once you are finished ordering, then \u201econtinue to check out\u201c.<\/p><p>Information on delivery times: Because we have such a wide variety of goods to offer and we cannot have everything in stock, we&#8217;d like to allow up to 14 days for delivery. Of yourse we have wearing parts and an extensive basic repertoire on stock.<\/p><p>Wir kaufen auch Neuteile aus Gesch\u00e4ftsaufl\u00f6sungen oder Lagerr\u00e4umungen auf. Bitte nehmen Sie einfach Kontakt mit uns auf!<\/p><p>In case you don&#8217;t find the accessories you need straightaway, please get in touch with us. Please use the search button.<\/p><p>Have fun using our online shop!<\/p>\t\t\t\t\t\t\t\t<\/div>\n\t\t\t\t<\/div>\n\t\t\t\t<\/div>\n\t\t\t\t\t<\/div>\n\t\t\t\t<\/div>\n\t\t\t\t<\/div>\n\t\t","protected":false},"excerpt":{"rendered":"<p>Welcome to Gabors MZ Laden! Just order comfortably in our web shop. The invoice amount may be settled payment in advance, PayPal services or cash upon collection of the item. In case you want to pick up your order, please leave a note in the comments section. We get back to you as soon as [&hellip;]<\/p>\n","protected":false},"author":1,"featured_media":0,"parent":0,"menu_order":0,"comment_status":"closed","ping_status":"closed","template":"","meta":{"_acf_changed":false,"footnotes":""},"class_list":["post-118861","page","type-page","status-publish","hentry"],"acf":[],"_links":{"self":[{"href":"https:\/\/gabor3.bildpunkte.de\/en\/wp-json\/wp\/v2\/pages\/118861","targetHints":{"allow":["GET"]}}],"collection":[{"href":"https:\/\/gabor3.bildpunkte.de\/en\/wp-json\/wp\/v2\/pages"}],"about":[{"href":"https:\/\/gabor3.bildpunkte.de\/en\/wp-json\/wp\/v2\/types\/page"}],"author":[{"embeddable":true,"href":"https:\/\/gabor3.bildpunkte.de\/en\/wp-json\/wp\/v2\/users\/1"}],"replies":[{"embeddable":true,"href":"https:\/\/gabor3.bildpunkte.de\/en\/wp-json\/wp\/v2\/comments?post=118861"}],"version-history":[{"count":7,"href":"https:\/\/gabor3.bildpunkte.de\/en\/wp-json\/wp\/v2\/pages\/118861\/revisions"}],"predecessor-version":[{"id":121346,"href":"https:\/\/gabor3.bildpunkte.de\/en\/wp-json\/wp\/v2\/pages\/118861\/revisions\/121346"}],"wp:attachment":[{"href":"https:\/\/gabor3.bildpunkte.de\/en\/wp-json\/wp\/v2\/media?parent=118861"}],"curies":[{"name":"wp","href":"https:\/\/api.w.org\/{rel}","templated":true}]}}